{"id":87,"date":"2018-09-25T19:51:52","date_gmt":"2018-09-25T19:51:52","guid":{"rendered":"https:\/\/demo.maitheme.com\/law\/?page_id=87"},"modified":"2022-08-24T10:45:49","modified_gmt":"2022-08-24T10:45:49","slug":"diritto-di-famiglia","status":"publish","type":"page","link":"https:\/\/www.loprienolaw.com\/it\/diritto-di-famiglia\/","title":{"rendered":"Diritto di famiglia"},"content":{"rendered":"<p>La Famiglia \u00e8 la rappresentazione della societ\u00e0 civile che pi\u00f9 necessita di cure e attenzioni sia  nei rapporti tra partners, sia nei rapporti genitori e figli. Lo Studio Legale avv. Lucia Loprieno si avvale dell\u2019opera della dott.ssa Psicologa Psicoterapeuta Roberta Funcis per accompagnare le parti prima a comprendere ed analizzare le eventuali difficolt\u00e0 e diversit\u00e0, poi a cercare di comporre ove possibile i dissidi e, quindi, a supportare ed accompagnare la eventuale azione avanti l\u2019Autorit\u00e0 Giudiziaria. Lo Studio \u00e8 in grado di accompagnare il Cliente dalla fase pi\u00f9 transitoria di negoziazione assistita e\/o di mediazione, a quella consensuale o eventualmente conflittuale avanti il Tribunale di Venezia o la Corte d\u2019Appello di Venezia.<br \/>\nInoltre presta la propria assistenza a Clienti sia di nazionalit\u00e0 italiana sia di nazionalit\u00e0 estera, affrontando problemi legati alla Giurisdizione Italiana ed Internazionale. La Clientela internazionale viene assistita in lingua Inglese o con l\u2019assistenza di un interprete specializzato. <\/p>\n","protected":false},"excerpt":{"rendered":"<p>La Famiglia \u00e8 la rappresentazione della societ\u00e0 civile che pi\u00f9 necessita di cure e attenzioni sia nei rapporti tra partners, sia nei rapporti genitori e figli. Lo Studio Legale avv. Lucia Loprieno si avvale dell\u2019opera della dott.ssa Psicologa Psicoterapeuta Roberta Funcis per accompagnare le parti prima a comprendere ed analizzare le eventuali difficolt\u00e0 e diversit\u00e0, &hellip;<\/p>\n","protected":false},"author":1,"featured_media":0,"parent":0,"menu_order":7,"comment_status":"closed","ping_status":"closed","template":"","meta":{"_genesis_hide_title":false,"_genesis_hide_breadcrumbs":false,"_genesis_hide_singular_image":false,"_genesis_hide_footer_widgets":false,"_genesis_custom_body_class":"","_genesis_custom_post_class":"","_genesis_layout":"sidebar-content","footnotes":""},"class_list":{"0":"post-87","1":"page","2":"type-page","3":"status-publish","5":"entry"},"yoast_head":"<!-- This site is optimized with the Yoast SEO plugin v27.2 - https:\/\/yoast.com\/product\/yoast-seo-wordpress\/ -->\n<title>Diritto di famiglia<\/title>\n<meta name=\"robots\" content=\"index, follow, max-snippet:-1, max-image-preview:large, max-video-preview:-1\" \/>\n<link rel=\"canonical\" href=\"https:\/\/www.loprienolaw.com\/it\/diritto-di-famiglia\/\" \/>\n<meta property=\"og:locale\" content=\"it_IT\" \/>\n<meta property=\"og:type\" content=\"article\" \/>\n<meta property=\"og:title\" content=\"Diritto di famiglia\" \/>\n<meta property=\"og:description\" content=\"La Famiglia \u00e8 la rappresentazione della societ\u00e0 civile che pi\u00f9 necessita di cure e attenzioni sia nei rapporti tra partners, sia nei rapporti genitori e figli. Lo Studio Legale avv. Lucia Loprieno si avvale dell\u2019opera della dott.ssa Psicologa Psicoterapeuta Roberta Funcis per accompagnare le parti prima a comprendere ed analizzare le eventuali difficolt\u00e0 e diversit\u00e0, &hellip;\" \/>\n<meta property=\"og:url\" content=\"https:\/\/www.loprienolaw.com\/it\/diritto-di-famiglia\/\" \/>\n<meta property=\"og:site_name\" content=\"Loprienolaw\" \/>\n<meta property=\"article:modified_time\" content=\"2022-08-24T10:45:49+00:00\" \/>\n<meta name=\"twitter:card\" content=\"summary_large_image\" \/>\n<meta name=\"twitter:label1\" content=\"Tempo di lettura stimato\" \/>\n\t<meta name=\"twitter:data1\" content=\"1 minuto\" \/>\n<script type=\"application\/ld+json\" class=\"yoast-schema-graph\">{\"@context\":\"https:\/\/schema.org\",\"@graph\":[{\"@type\":\"WebPage\",\"@id\":\"https:\/\/www.loprienolaw.com\/it\/diritto-di-famiglia\/\",\"url\":\"https:\/\/www.loprienolaw.com\/it\/diritto-di-famiglia\/\",\"name\":\"Diritto di famiglia\",\"isPartOf\":{\"@id\":\"https:\/\/www.loprienolaw.com\/it\/#website\"},\"datePublished\":\"2018-09-25T19:51:52+00:00\",\"dateModified\":\"2022-08-24T10:45:49+00:00\",\"breadcrumb\":{\"@id\":\"https:\/\/www.loprienolaw.com\/it\/diritto-di-famiglia\/#breadcrumb\"},\"inLanguage\":\"it-IT\",\"potentialAction\":[{\"@type\":\"ReadAction\",\"target\":[\"https:\/\/www.loprienolaw.com\/it\/diritto-di-famiglia\/\"]}]},{\"@type\":\"BreadcrumbList\",\"@id\":\"https:\/\/www.loprienolaw.com\/it\/diritto-di-famiglia\/#breadcrumb\",\"itemListElement\":[{\"@type\":\"ListItem\",\"position\":1,\"name\":\"Home\",\"item\":\"https:\/\/www.loprienolaw.com\/it\/\"},{\"@type\":\"ListItem\",\"position\":2,\"name\":\"Diritto di famiglia\"}]},{\"@type\":\"WebSite\",\"@id\":\"https:\/\/www.loprienolaw.com\/it\/#website\",\"url\":\"https:\/\/www.loprienolaw.com\/it\/\",\"name\":\"Loprienolaw\",\"description\":\"Studio legale avv. Lucia Loprieno\",\"publisher\":{\"@id\":\"https:\/\/www.loprienolaw.com\/it\/#organization\"},\"potentialAction\":[{\"@type\":\"SearchAction\",\"target\":{\"@type\":\"EntryPoint\",\"urlTemplate\":\"https:\/\/www.loprienolaw.com\/it\/?s={search_term_string}\"},\"query-input\":{\"@type\":\"PropertyValueSpecification\",\"valueRequired\":true,\"valueName\":\"search_term_string\"}}],\"inLanguage\":\"it-IT\"},{\"@type\":\"Organization\",\"@id\":\"https:\/\/www.loprienolaw.com\/it\/#organization\",\"name\":\"Loprienolaw\",\"url\":\"https:\/\/www.loprienolaw.com\/it\/\",\"logo\":{\"@type\":\"ImageObject\",\"inLanguage\":\"it-IT\",\"@id\":\"https:\/\/www.loprienolaw.com\/it\/#\/schema\/logo\/image\/\",\"url\":\"https:\/\/www.loprienolaw.com\/wp-content\/uploads\/2021\/03\/loprienolaw.svg\",\"contentUrl\":\"https:\/\/www.loprienolaw.com\/wp-content\/uploads\/2021\/03\/loprienolaw.svg\",\"caption\":\"Loprienolaw\"},\"image\":{\"@id\":\"https:\/\/www.loprienolaw.com\/it\/#\/schema\/logo\/image\/\"}}]}<\/script>\n<!-- \/ Yoast SEO plugin. -->","yoast_head_json":{"title":"Diritto di famiglia","robots":{"index":"index","follow":"follow","max-snippet":"max-snippet:-1","max-image-preview":"max-image-preview:large","max-video-preview":"max-video-preview:-1"},"canonical":"https:\/\/www.loprienolaw.com\/it\/diritto-di-famiglia\/","og_locale":"it_IT","og_type":"article","og_title":"Diritto di famiglia","og_description":"La Famiglia \u00e8 la rappresentazione della societ\u00e0 civile che pi\u00f9 necessita di cure e attenzioni sia nei rapporti tra partners, sia nei rapporti genitori e figli. Lo Studio Legale avv. Lucia Loprieno si avvale dell\u2019opera della dott.ssa Psicologa Psicoterapeuta Roberta Funcis per accompagnare le parti prima a comprendere ed analizzare le eventuali difficolt\u00e0 e diversit\u00e0, &hellip;","og_url":"https:\/\/www.loprienolaw.com\/it\/diritto-di-famiglia\/","og_site_name":"Loprienolaw","article_modified_time":"2022-08-24T10:45:49+00:00","twitter_card":"summary_large_image","twitter_misc":{"Tempo di lettura stimato":"1 minuto"},"schema":{"@context":"https:\/\/schema.org","@graph":[{"@type":"WebPage","@id":"https:\/\/www.loprienolaw.com\/it\/diritto-di-famiglia\/","url":"https:\/\/www.loprienolaw.com\/it\/diritto-di-famiglia\/","name":"Diritto di famiglia","isPartOf":{"@id":"https:\/\/www.loprienolaw.com\/it\/#website"},"datePublished":"2018-09-25T19:51:52+00:00","dateModified":"2022-08-24T10:45:49+00:00","breadcrumb":{"@id":"https:\/\/www.loprienolaw.com\/it\/diritto-di-famiglia\/#breadcrumb"},"inLanguage":"it-IT","potentialAction":[{"@type":"ReadAction","target":["https:\/\/www.loprienolaw.com\/it\/diritto-di-famiglia\/"]}]},{"@type":"BreadcrumbList","@id":"https:\/\/www.loprienolaw.com\/it\/diritto-di-famiglia\/#breadcrumb","itemListElement":[{"@type":"ListItem","position":1,"name":"Home","item":"https:\/\/www.loprienolaw.com\/it\/"},{"@type":"ListItem","position":2,"name":"Diritto di famiglia"}]},{"@type":"WebSite","@id":"https:\/\/www.loprienolaw.com\/it\/#website","url":"https:\/\/www.loprienolaw.com\/it\/","name":"Loprienolaw","description":"Studio legale avv. Lucia Loprieno","publisher":{"@id":"https:\/\/www.loprienolaw.com\/it\/#organization"},"potentialAction":[{"@type":"SearchAction","target":{"@type":"EntryPoint","urlTemplate":"https:\/\/www.loprienolaw.com\/it\/?s={search_term_string}"},"query-input":{"@type":"PropertyValueSpecification","valueRequired":true,"valueName":"search_term_string"}}],"inLanguage":"it-IT"},{"@type":"Organization","@id":"https:\/\/www.loprienolaw.com\/it\/#organization","name":"Loprienolaw","url":"https:\/\/www.loprienolaw.com\/it\/","logo":{"@type":"ImageObject","inLanguage":"it-IT","@id":"https:\/\/www.loprienolaw.com\/it\/#\/schema\/logo\/image\/","url":"https:\/\/www.loprienolaw.com\/wp-content\/uploads\/2021\/03\/loprienolaw.svg","contentUrl":"https:\/\/www.loprienolaw.com\/wp-content\/uploads\/2021\/03\/loprienolaw.svg","caption":"Loprienolaw"},"image":{"@id":"https:\/\/www.loprienolaw.com\/it\/#\/schema\/logo\/image\/"}}]}},"_links":{"self":[{"href":"https:\/\/www.loprienolaw.com\/it\/wp-json\/wp\/v2\/pages\/87","targetHints":{"allow":["GET"]}}],"collection":[{"href":"https:\/\/www.loprienolaw.com\/it\/wp-json\/wp\/v2\/pages"}],"about":[{"href":"https:\/\/www.loprienolaw.com\/it\/wp-json\/wp\/v2\/types\/page"}],"author":[{"embeddable":true,"href":"https:\/\/www.loprienolaw.com\/it\/wp-json\/wp\/v2\/users\/1"}],"replies":[{"embeddable":true,"href":"https:\/\/www.loprienolaw.com\/it\/wp-json\/wp\/v2\/comments?post=87"}],"version-history":[{"count":3,"href":"https:\/\/www.loprienolaw.com\/it\/wp-json\/wp\/v2\/pages\/87\/revisions"}],"predecessor-version":[{"id":954,"href":"https:\/\/www.loprienolaw.com\/it\/wp-json\/wp\/v2\/pages\/87\/revisions\/954"}],"wp:attachment":[{"href":"https:\/\/www.loprienolaw.com\/it\/wp-json\/wp\/v2\/media?parent=87"}],"curies":[{"name":"wp","href":"https:\/\/api.w.org\/{rel}","templated":true}]}}